{"id":2847,"date":"2025-02-06T08:09:24","date_gmt":"2025-02-06T08:09:24","guid":{"rendered":"https:\/\/test.ruths.it\/?page_id=2847"},"modified":"2025-02-06T08:10:19","modified_gmt":"2025-02-06T08:10:19","slug":"know-how-termovalorizzatori","status":"publish","type":"page","link":"https:\/\/www.ruths.it\/?page_id=2847","title":{"rendered":"Know How Termovalorizzatori"},"content":{"rendered":"\t\t<div data-elementor-type=\"wp-page\" data-elementor-id=\"2847\" class=\"elementor elementor-2847\">\n\t\t\t\t\t\t<section class=\"elementor-section elementor-top-section elementor-element elementor-element-1f212ae2 elementor-section-boxed elementor-section-height-default elementor-section-height-default\" data-id=\"1f212ae2\" data-element_type=\"section\">\n\t\t\t\t\t\t<div class=\"elementor-container elementor-column-gap-default\">\n\t\t\t\t\t<div class=\"elementor-column elementor-col-100 elementor-top-column elementor-element elementor-element-fb3673d\" data-id=\"fb3673d\" data-element_type=\"column\">\n\t\t\t<div class=\"elementor-widget-wrap elementor-element-populated\">\n\t\t\t\t\t\t<div class=\"elementor-element elementor-element-3e81e1aa elementor-widget elementor-widget-spacer\" data-id=\"3e81e1aa\" data-element_type=\"widget\" data-widget_type=\"spacer.default\">\n\t\t\t\t<div class=\"elementor-widget-container\">\n\t\t\t\t\t\t\t<div class=\"elementor-spacer\">\n\t\t\t<div class=\"elementor-spacer-inner\"><\/div>\n\t\t<\/div>\n\t\t\t\t\t\t<\/div>\n\t\t\t\t<\/div>\n\t\t\t\t<section class=\"elementor-section elementor-inner-section elementor-element elementor-element-3797f781 elementor-section-content-bottom elementor-section-boxed elementor-section-height-default elementor-section-height-default\" data-id=\"3797f781\" data-element_type=\"section\">\n\t\t\t\t\t\t<div class=\"elementor-container elementor-column-gap-default\">\n\t\t\t\t\t<div class=\"elementor-column elementor-col-50 elementor-inner-column elementor-element elementor-element-19251632\" data-id=\"19251632\" data-element_type=\"column\">\n\t\t\t<div class=\"elementor-widget-wrap elementor-element-populated\">\n\t\t\t\t\t\t<div class=\"elementor-element elementor-element-494be779 align-left elementor-widget elementor-widget-mae-headings\" data-id=\"494be779\" data-element_type=\"widget\" data-widget_type=\"mae-headings.default\">\n\t\t\t\t<div class=\"elementor-widget-container\">\n\t\t\t\t\t\t\t<div class=\"master-heading\">\n\t        \t            <div class=\"pre-heading\">KNOW HOW TERMOVALORIZZATORI<\/div>\n\t        \n\t        \t        <h2 class=\"main-heading\">RUTHS \u00e8 dal 1932 presente sul mercato del recupero termico<\/h2>\n\t        \n\t        \n\t        \t    <\/div>\n\t    \t\t\t\t<\/div>\n\t\t\t\t<\/div>\n\t\t\t\t\t<\/div>\n\t\t<\/div>\n\t\t\t\t<div class=\"elementor-column elementor-col-50 elementor-inner-column elementor-element elementor-element-3cb6575a\" data-id=\"3cb6575a\" data-element_type=\"column\">\n\t\t\t<div class=\"elementor-widget-wrap\">\n\t\t\t\t\t\t\t<\/div>\n\t\t<\/div>\n\t\t\t\t\t<\/div>\n\t\t<\/section>\n\t\t\t\t<div class=\"elementor-element elementor-element-dd42ca9 elementor-widget elementor-widget-spacer\" data-id=\"dd42ca9\" data-element_type=\"widget\" data-widget_type=\"spacer.default\">\n\t\t\t\t<div class=\"elementor-widget-container\">\n\t\t\t\t\t\t\t<div class=\"elementor-spacer\">\n\t\t\t<div class=\"elementor-spacer-inner\"><\/div>\n\t\t<\/div>\n\t\t\t\t\t\t<\/div>\n\t\t\t\t<\/div>\n\t\t\t\t<div class=\"elementor-element elementor-element-8065997 hover-effect-style-1 elementor-widget elementor-widget-mae-service-carousel\" data-id=\"8065997\" data-element_type=\"widget\" data-widget_type=\"mae-service-carousel.default\">\n\t\t\t\t<div class=\"elementor-widget-container\">\n\t\t\t\t\t\n        <div class=\"master-carousel-box mlr-245051214\" data-config='{\"column\":\"3\",\"gap\":\"30px\",\"arrowPosition\":null,\"arrowMiddleOffset\":null,\"arrowTopOffset\":null,\"dotOffset\":\"60px\",\"fullRight\":false,\"autoPlay\":true,\"prevNextButtons\":false,\"pageDots\":true}'>\n                            <div class=\"master-service  item-carousel sep-before\">\n                    <div class=\"thumb\">\n                        <img decoding=\"async\" src=\"https:\/\/www.ruths.it\/wp-content\/uploads\/2024\/12\/01_AFFIDABILITA.png\" alt=\"Image\" \/>\n                    <\/div>\n\n                    <div class=\"content-wrap\">\n                        <h3 class=\"headline-2\">Affidabilit\u00e0<\/h3><div class=\"sep\"><\/div><div class=\"desc\"><p>Le caldaie RUTHS prediligono i fattori di affidabilit\u00e0, durata nel tempo e sicurezza al fine di massimizzare l\u2019esercizio continuativo.<\/p><\/div>            <div class=\"url-wrap\">\n                <a class=\"master-link  icon-right\" href=\"\" >\n                                        <span><\/span>\n                    <span class=\"icon fa fa-arrow-right\"><\/span>                <\/a>\n            <\/div>\n\n                                <\/div>\n                <\/div>\n                            <div class=\"master-service  item-carousel sep-before\">\n                    <div class=\"thumb\">\n                        <img decoding=\"async\" src=\"https:\/\/www.ruths.it\/wp-content\/uploads\/2024\/12\/02_PULIZIA.png\" alt=\"Image\" \/>\n                    <\/div>\n\n                    <div class=\"content-wrap\">\n                        <h3 class=\"headline-2\">Pulizia<\/h3><div class=\"sep\"><\/div><div class=\"desc\"><p>Si affida la pulizia dei banchi di scambio ad un sistema di percussione meccanica.<\/p><\/div>            <div class=\"url-wrap\">\n                <a class=\"master-link  icon-right\" href=\"\" >\n                                        <span><\/span>\n                    <span class=\"icon fa fa-arrow-right\"><\/span>                <\/a>\n            <\/div>\n\n                                <\/div>\n                <\/div>\n                            <div class=\"master-service  item-carousel sep-before\">\n                    <div class=\"thumb\">\n                        <img decoding=\"async\" src=\"https:\/\/www.ruths.it\/wp-content\/uploads\/2024\/12\/03_ESTRAIBILITA.png\" alt=\"Image\" \/>\n                    <\/div>\n\n                    <div class=\"content-wrap\">\n                        <h3 class=\"headline-2\">Estraibilit\u00e0<\/h3><div class=\"sep\"><\/div><div class=\"desc\"><p>I banchi di scambio RUTHS godono di una tecnologia coperta da brevetto che consente l\u2019inserimento e l\u2019estrazione dall\u2019alto, semplificando e riducendo le tempistiche delle attivit\u00e0 in opera.<\/p><\/div>            <div class=\"url-wrap\">\n                <a class=\"master-link  icon-right\" href=\"\" >\n                                        <span><\/span>\n                    <span class=\"icon fa fa-arrow-right\"><\/span>                <\/a>\n            <\/div>\n\n                                <\/div>\n                <\/div>\n                            <div class=\"master-service  item-carousel sep-before\">\n                    <div class=\"thumb\">\n                        <img decoding=\"async\" src=\"https:\/\/www.ruths.it\/wp-content\/uploads\/2024\/12\/04_OTTIMIZZAZIONE-DELLO-SCAMBIO-TERMICO.png\" alt=\"Image\" \/>\n                    <\/div>\n\n                    <div class=\"content-wrap\">\n                        <h3 class=\"headline-2\">Ottimizzazione dello scambio termico<\/h3><div class=\"sep\"><\/div><div class=\"desc\"><p>Ogni caldaia viene progettata e dimensionata al fine di massimizzare il rendimento, ridurre la superficie \u201crefrattariata\u201d e minimizzare le corrosioni, sia a caldo che a freddo.<\/p><\/div>            <div class=\"url-wrap\">\n                <a class=\"master-link  icon-right\" href=\"\" >\n                                        <span><\/span>\n                    <span class=\"icon fa fa-arrow-right\"><\/span>                <\/a>\n            <\/div>\n\n                                <\/div>\n                <\/div>\n                            <div class=\"master-service  item-carousel sep-before\">\n                    <div class=\"thumb\">\n                        <img decoding=\"async\" src=\"https:\/\/www.ruths.it\/wp-content\/uploads\/2024\/12\/05_PROTEZIONI-SUPERFICIALI.png\" alt=\"Image\" \/>\n                    <\/div>\n\n                    <div class=\"content-wrap\">\n                        <h3 class=\"headline-2\">Protezioni superficiali<\/h3><div class=\"sep\"><\/div><div class=\"desc\"><p>Al fine di ridurre la presenza di materiale refrattario sulle pareti membranate delle camere radianti, si predilige l\u2019applicazione di rivestimento anticorrosivo di tipo Inconel625.<\/p><\/div>            <div class=\"url-wrap\">\n                <a class=\"master-link  icon-right\" href=\"\" >\n                                        <span><\/span>\n                    <span class=\"icon fa fa-arrow-right\"><\/span>                <\/a>\n            <\/div>\n\n                                <\/div>\n                <\/div>\n                            <div class=\"master-service  item-carousel sep-before\">\n                    <div class=\"thumb\">\n                        <img decoding=\"async\" src=\"https:\/\/www.ruths.it\/wp-content\/uploads\/2024\/12\/06_RIDUZIONE-DELLE-STRUTTURE.png\" alt=\"Image\" \/>\n                    <\/div>\n\n                    <div class=\"content-wrap\">\n                        <h3 class=\"headline-2\">Riduzione delle strutture<\/h3><div class=\"sep\"><\/div><div class=\"desc\"><p>Le caldaie RUTHS sono progettate per un\u2019installazione di tipo in appoggio, al fine di ridurre le strutture metalliche con un notevole guadagno in termini di peso complessivo.<\/p><\/div>            <div class=\"url-wrap\">\n                <a class=\"master-link  icon-right\" href=\"\" >\n                                        <span><\/span>\n                    <span class=\"icon fa fa-arrow-right\"><\/span>                <\/a>\n            <\/div>\n\n                                <\/div>\n                <\/div>\n                    <\/div>\n\n        \t\t\t\t<\/div>\n\t\t\t\t<\/div>\n\t\t\t\t<div class=\"elementor-element elementor-element-231c9965 elementor-widget elementor-widget-spacer\" data-id=\"231c9965\" data-element_type=\"widget\" data-widget_type=\"spacer.default\">\n\t\t\t\t<div class=\"elementor-widget-container\">\n\t\t\t\t\t\t\t<div class=\"elementor-spacer\">\n\t\t\t<div class=\"elementor-spacer-inner\"><\/div>\n\t\t<\/div>\n\t\t\t\t\t\t<\/div>\n\t\t\t\t<\/div>\n\t\t\t\t\t<\/div>\n\t\t<\/div>\n\t\t\t\t\t<\/div>\n\t\t<\/section>\n\t\t\t\t<\/div>\n\t\t","protected":false},"excerpt":{"rendered":"<p>KNOW HOW TERMOVALORIZZATORI RUTHS \u00e8 dal 1932 presente sul mercato del recupero termico Affidabilit\u00e0 Le caldaie RUTHS prediligono i fattori di affidabilit\u00e0, durata nel tempo e sicurezza al fine di massimizzare l\u2019esercizio continuativo. Pulizia Si affida la pulizia dei banchi di scambio ad un sistema di percussione<\/p>\n","protected":false},"author":1,"featured_media":0,"parent":0,"menu_order":0,"comment_status":"closed","ping_status":"closed","template":"","meta":{"footnotes":""},"class_list":["post-2847","page","type-page","status-publish","hentry"],"_links":{"self":[{"href":"https:\/\/www.ruths.it\/index.php?rest_route=\/wp\/v2\/pages\/2847","targetHints":{"allow":["GET"]}}],"collection":[{"href":"https:\/\/www.ruths.it\/index.php?rest_route=\/wp\/v2\/pages"}],"about":[{"href":"https:\/\/www.ruths.it\/index.php?rest_route=\/wp\/v2\/types\/page"}],"author":[{"embeddable":true,"href":"https:\/\/www.ruths.it\/index.php?rest_route=\/wp\/v2\/users\/1"}],"replies":[{"embeddable":true,"href":"https:\/\/www.ruths.it\/index.php?rest_route=%2Fwp%2Fv2%2Fcomments&post=2847"}],"version-history":[{"count":4,"href":"https:\/\/www.ruths.it\/index.php?rest_route=\/wp\/v2\/pages\/2847\/revisions"}],"predecessor-version":[{"id":2854,"href":"https:\/\/www.ruths.it\/index.php?rest_route=\/wp\/v2\/pages\/2847\/revisions\/2854"}],"wp:attachment":[{"href":"https:\/\/www.ruths.it\/index.php?rest_route=%2Fwp%2Fv2%2Fmedia&parent=2847"}],"curies":[{"name":"wp","href":"https:\/\/api.w.org\/{rel}","templated":true}]}}